{"id":31,"date":"2020-04-07T16:42:00","date_gmt":"2020-04-07T16:42:00","guid":{"rendered":"https:\/\/xn--cruzadahondurea-crb.org\/?page_id=31"},"modified":"2025-08-07T12:10:56","modified_gmt":"2025-08-07T18:10:56","slug":"contacto","status":"publish","type":"page","link":"https:\/\/cristoencadahogar.org\/en\/contacto\/","title":{"rendered":"Cont\u00e1ctanos"},"content":{"rendered":"<div data-elementor-type=\"wp-page\" data-elementor-id=\"31\" class=\"elementor elementor-31\" data-elementor-post-type=\"page\">\n\t\t\t\t\t\t<section class=\"elementor-section elementor-top-section elementor-element elementor-element-1b7cca4 elementor-section-stretched elementor-section-content-middle elementor-section-boxed elementor-section-height-default elementor-section-height-default\" data-id=\"1b7cca4\" data-element_type=\"section\" data-e-type=\"section\" data-settings=\"{&quot;stretch_section&quot;:&quot;section-stretched&quot;,&quot;shape_divider_top&quot;:&quot;mountains&quot;,&quot;background_background&quot;:&quot;classic&quot;}\">\n\t\t\t\t\t<div class=\"elementor-shape elementor-shape-top\" aria-hidden=\"true\" data-negative=\"false\">\n\t\t\t<svg xmlns=\"http:\/\/www.w3.org\/2000\/svg\" viewbox=\"0 0 1000 100\" preserveaspectratio=\"none\">\n\t<path class=\"elementor-shape-fill\" opacity=\"0.33\" d=\"M473,67.3c-203.9,88.3-263.1-34-320.3,0C66,119.1,0,59.7,0,59.7V0h1000v59.7 c0,0-62.1,26.1-94.9,29.3c-32.8,3.3-62.8-12.3-75.8-22.1C806,49.6,745.3,8.7,694.9,4.7S492.4,59,473,67.3z\"\/>\n\t<path class=\"elementor-shape-fill\" opacity=\"0.66\" d=\"M734,67.3c-45.5,0-77.2-23.2-129.1-39.1c-28.6-8.7-150.3-10.1-254,39.1 s-91.7-34.4-149.2,0C115.7,118.3,0,39.8,0,39.8V0h1000v36.5c0,0-28.2-18.5-92.1-18.5C810.2,18.1,775.7,67.3,734,67.3z\"\/>\n\t<path class=\"elementor-shape-fill\" d=\"M766.1,28.9c-200-57.5-266,65.5-395.1,19.5C242,1.8,242,5.4,184.8,20.6C128,35.8,132.3,44.9,89.9,52.5C28.6,63.7,0,0,0,0 h1000c0,0-9.9,40.9-83.6,48.1S829.6,47,766.1,28.9z\"\/>\n<\/svg>\t\t<\/div>\n\t\t\t\t\t<div class=\"elementor-container elementor-column-gap-default\">\n\t\t\t\t\t<div class=\"elementor-column elementor-col-100 elementor-top-column elementor-element elementor-element-9206ade\" data-id=\"9206ade\" data-element_type=\"column\" data-e-type=\"column\">\n\t\t\t<div class=\"elementor-widget-wrap elementor-element-populated\">\n\t\t\t\t\t\t<div class=\"elementor-element elementor-element-77b063d elementor-widget elementor-widget-html\" data-id=\"77b063d\" data-element_type=\"widget\" data-e-type=\"widget\" data-widget_type=\"html.default\">\n\t\t\t\t\t<script src=\"https:\/\/www.paypal.com\/sdk\/js?client-id=BAAW1BWX0rohiILUHjsFwtTb8CW2JRD6fgITU9_3j1BLgLKhyX-xVdCA5B44kGhnlQ4VJYVtC2MH_XVyw4&components=hosted-buttons&disable-funding=venmo&currency=USD\"><\/script>\n<div id=\"paypal-container-GLULGGQ39RAH2\"><\/div>\n<script>\n  paypal.HostedButtons({\n    hostedButtonId: \"GLULGGQ39RAH2\",\n  }).render(\"#paypal-container-GLULGGQ39RAH2\")\n<\/script>\t\t\t\t<\/div>\n\t\t\t\t<div class=\"elementor-element elementor-element-90fbde3 elementor-widget elementor-widget-text-editor\" data-id=\"90fbde3\" data-element_type=\"widget\" data-e-type=\"widget\" data-widget_type=\"text-editor.default\">\n\t\t\t\t\t\t\t\t\t<p><b>Gracias por su visita a CRISTO EN CADA HOGAR<\/b><br \/>Estamos encantados de que est\u00e9 interesado en obtener m\u00e1s informaci\u00f3n. Haremos todo lo posible por responderle de manera oportuna.\u00a0<\/p><p>If you are a ministry, a church, an evangelist, or simply a believer with a heart to reach every home in Honduras and around the world, we would love to hear from you today.<\/p>\t\t\t\t\t\t\t\t<\/div>\n\t\t\t\t\t<\/div>\n\t\t<\/div>\n\t\t\t\t\t<\/div>\n\t\t<\/section>\n\t\t\t\t<section class=\"elementor-section elementor-top-section elementor-element elementor-element-a1df65d elementor-section-boxed elementor-section-height-default elementor-section-height-default\" data-id=\"a1df65d\" data-element_type=\"section\" data-e-type=\"section\">\n\t\t\t\t\t\t<div class=\"elementor-container elementor-column-gap-default\">\n\t\t\t\t\t<div class=\"elementor-column elementor-col-50 elementor-top-column elementor-element elementor-element-914aaf0\" data-id=\"914aaf0\" data-element_type=\"column\" data-e-type=\"column\">\n\t\t\t<div class=\"elementor-widget-wrap elementor-element-populated\">\n\t\t\t\t\t\t<div class=\"elementor-element elementor-element-2c9b70b elementor-widget elementor-widget-google_maps\" data-id=\"2c9b70b\" data-element_type=\"widget\" data-e-type=\"widget\" data-widget_type=\"google_maps.default\">\n\t\t\t\t\t\t\t<div class=\"elementor-custom-embed\">\n\t\t\t<iframe loading=\"lazy\"\n\t\t\t\t\tsrc=\"https:\/\/maps.google.com\/maps?q=Tegucigalpa&#038;t=m&#038;z=11&#038;output=embed&#038;iwloc=near\"\n\t\t\t\t\ttitle=\"Tegucigalpa\"\n\t\t\t\t\taria-label=\"Tegucigalpa\"\n\t\t\t><\/iframe>\n\t\t<\/div>\n\t\t\t\t\t\t<\/div>\n\t\t\t\t\t<\/div>\n\t\t<\/div>\n\t\t\t\t<div class=\"elementor-column elementor-col-50 elementor-top-column elementor-element elementor-element-e7e3a5a\" data-id=\"e7e3a5a\" data-element_type=\"column\" data-e-type=\"column\">\n\t\t\t<div class=\"elementor-widget-wrap elementor-element-populated\">\n\t\t\t\t\t\t<div class=\"elementor-element elementor-element-1dffc3a elementor-widget elementor-widget-text-editor\" data-id=\"1dffc3a\" data-element_type=\"widget\" data-e-type=\"widget\" data-widget_type=\"text-editor.default\">\n\t\t\t\t\t\t\t\t\t<p><br \/><b>CRISTO EN CADA HOGAR<br \/><\/b>Tegucigalpa, Honduras<br \/><strong>Tel\u00e9fono:\u00a0<\/strong> +(504) 2233-9095<br \/><strong>whatsapp:<\/strong> +(504) 9393-9033<br \/>cruzadahond@gmail.com<\/p>\t\t\t\t\t\t\t\t<\/div>\n\t\t\t\t<div class=\"elementor-element elementor-element-a43aef8 e-grid-align-left e-grid-align-mobile-center elementor-shape-rounded elementor-grid-0 elementor-widget elementor-widget-social-icons\" data-id=\"a43aef8\" data-element_type=\"widget\" data-e-type=\"widget\" data-widget_type=\"social-icons.default\">\n\t\t\t\t\t\t\t<div class=\"elementor-social-icons-wrapper elementor-grid\" role=\"list\">\n\t\t\t\t\t\t\t<span class=\"elementor-grid-item\" role=\"listitem\">\n\t\t\t\t\t<a class=\"elementor-icon elementor-social-icon elementor-social-icon-facebook elementor-repeater-item-48e5e84\" href=\"https:\/\/www.facebook.com\/cruzadahondurenaencadahogar\/\" target=\"_blank\">\n\t\t\t\t\t\t<span class=\"elementor-screen-only\">Facebook<\/span>\n\t\t\t\t\t\t<svg aria-hidden=\"true\" class=\"e-font-icon-svg e-fab-facebook\" viewbox=\"0 0 512 512\" xmlns=\"http:\/\/www.w3.org\/2000\/svg\"><path d=\"M504 256C504 119 393 8 256 8S8 119 8 256c0 123.78 90.69 226.38 209.25 245V327.69h-63V256h63v-54.64c0-62.15 37-96.48 93.67-96.48 27.14 0 55.52 4.84 55.52 4.84v61h-31.28c-30.8 0-40.41 19.12-40.41 38.73V256h68.78l-11 71.69h-57.78V501C413.31 482.38 504 379.78 504 256z\"><\/path><\/svg>\t\t\t\t\t<\/a>\n\t\t\t\t<\/span>\n\t\t\t\t\t\t\t<span class=\"elementor-grid-item\" role=\"listitem\">\n\t\t\t\t\t<a class=\"elementor-icon elementor-social-icon elementor-social-icon-instagram elementor-repeater-item-8b13327\" href=\"https:\/\/www.instagram.com\/cruzadahondurenaencadahogar\/\" target=\"_blank\">\n\t\t\t\t\t\t<span class=\"elementor-screen-only\">Instagram<\/span>\n\t\t\t\t\t\t<svg aria-hidden=\"true\" class=\"e-font-icon-svg e-fab-instagram\" viewbox=\"0 0 448 512\" xmlns=\"http:\/\/www.w3.org\/2000\/svg\"><path d=\"M224.1 141c-63.6 0-114.9 51.3-114.9 114.9s51.3 114.9 114.9 114.9S339 319.5 339 255.9 287.7 141 224.1 141zm0 189.6c-41.1 0-74.7-33.5-74.7-74.7s33.5-74.7 74.7-74.7 74.7 33.5 74.7 74.7-33.6 74.7-74.7 74.7zm146.4-194.3c0 14.9-12 26.8-26.8 26.8-14.9 0-26.8-12-26.8-26.8s12-26.8 26.8-26.8 26.8 12 26.8 26.8zm76.1 27.2c-1.7-35.9-9.9-67.7-36.2-93.9-26.2-26.2-58-34.4-93.9-36.2-37-2.1-147.9-2.1-184.9 0-35.8 1.7-67.6 9.9-93.9 36.1s-34.4 58-36.2 93.9c-2.1 37-2.1 147.9 0 184.9 1.7 35.9 9.9 67.7 36.2 93.9s58 34.4 93.9 36.2c37 2.1 147.9 2.1 184.9 0 35.9-1.7 67.7-9.9 93.9-36.2 26.2-26.2 34.4-58 36.2-93.9 2.1-37 2.1-147.8 0-184.8zM398.8 388c-7.8 19.6-22.9 34.7-42.6 42.6-29.5 11.7-99.5 9-132.1 9s-102.7 2.6-132.1-9c-19.6-7.8-34.7-22.9-42.6-42.6-11.7-29.5-9-99.5-9-132.1s-2.6-102.7 9-132.1c7.8-19.6 22.9-34.7 42.6-42.6 29.5-11.7 99.5-9 132.1-9s102.7-2.6 132.1 9c19.6 7.8 34.7 22.9 42.6 42.6 11.7 29.5 9 99.5 9 132.1s2.7 102.7-9 132.1z\"><\/path><\/svg>\t\t\t\t\t<\/a>\n\t\t\t\t<\/span>\n\t\t\t\t\t\t\t<span class=\"elementor-grid-item\" role=\"listitem\">\n\t\t\t\t\t<a class=\"elementor-icon elementor-social-icon elementor-social-icon-youtube elementor-repeater-item-7d2f27f\" href=\"https:\/\/www.youtube.com\/channel\/UCRql9HrLCZzy2l9KzDFxAAw\" target=\"_blank\">\n\t\t\t\t\t\t<span class=\"elementor-screen-only\">Youtube<\/span>\n\t\t\t\t\t\t<svg aria-hidden=\"true\" class=\"e-font-icon-svg e-fab-youtube\" viewbox=\"0 0 576 512\" xmlns=\"http:\/\/www.w3.org\/2000\/svg\"><path d=\"M549.655 124.083c-6.281-23.65-24.787-42.276-48.284-48.597C458.781 64 288 64 288 64S117.22 64 74.629 75.486c-23.497 6.322-42.003 24.947-48.284 48.597-11.412 42.867-11.412 132.305-11.412 132.305s0 89.438 11.412 132.305c6.281 23.65 24.787 41.5 48.284 47.821C117.22 448 288 448 288 448s170.78 0 213.371-11.486c23.497-6.321 42.003-24.171 48.284-47.821 11.412-42.867 11.412-132.305 11.412-132.305s0-89.438-11.412-132.305zm-317.51 213.508V175.185l142.739 81.205-142.739 81.201z\"><\/path><\/svg>\t\t\t\t\t<\/a>\n\t\t\t\t<\/span>\n\t\t\t\t\t\t\t<span class=\"elementor-grid-item\" role=\"listitem\">\n\t\t\t\t\t<a class=\"elementor-icon elementor-social-icon elementor-social-icon-facebook-messenger elementor-repeater-item-17120c4\" href=\"https:\/\/www.messenger.com\/t\/cruzadahondurenaencadahogar\" target=\"_blank\">\n\t\t\t\t\t\t<span class=\"elementor-screen-only\">Facebook-messenger<\/span>\n\t\t\t\t\t\t<svg aria-hidden=\"true\" class=\"e-font-icon-svg e-fab-facebook-messenger\" viewbox=\"0 0 512 512\" xmlns=\"http:\/\/www.w3.org\/2000\/svg\"><path d=\"M256.55 8C116.52 8 8 110.34 8 248.57c0 72.3 29.71 134.78 78.07 177.94 8.35 7.51 6.63 11.86 8.05 58.23A19.92 19.92 0 0 0 122 502.31c52.91-23.3 53.59-25.14 62.56-22.7C337.85 521.8 504 423.7 504 248.57 504 110.34 396.59 8 256.55 8zm149.24 185.13l-73 115.57a37.37 37.37 0 0 1-53.91 9.93l-58.08-43.47a15 15 0 0 0-18 0l-78.37 59.44c-10.46 7.93-24.16-4.6-17.11-15.67l73-115.57a37.36 37.36 0 0 1 53.91-9.93l58.06 43.46a15 15 0 0 0 18 0l78.41-59.38c10.44-7.98 24.14 4.54 17.09 15.62z\"><\/path><\/svg>\t\t\t\t\t<\/a>\n\t\t\t\t<\/span>\n\t\t\t\t\t\t\t<span class=\"elementor-grid-item\" role=\"listitem\">\n\t\t\t\t\t<a class=\"elementor-icon elementor-social-icon elementor-social-icon-whatsapp elementor-repeater-item-b63b7de\" href=\"https:\/\/api.whatsapp.com\/send?phone=50493939033\" target=\"_blank\">\n\t\t\t\t\t\t<span class=\"elementor-screen-only\">Whatsapp<\/span>\n\t\t\t\t\t\t<svg aria-hidden=\"true\" class=\"e-font-icon-svg e-fab-whatsapp\" viewbox=\"0 0 448 512\" xmlns=\"http:\/\/www.w3.org\/2000\/svg\"><path d=\"M380.9 97.1C339 55.1 283.2 32 223.9 32c-122.4 0-222 99.6-222 222 0 39.1 10.2 77.3 29.6 111L0 480l117.7-30.9c32.4 17.7 68.9 27 106.1 27h.1c122.3 0 224.1-99.6 224.1-222 0-59.3-25.2-115-67.1-157zm-157 341.6c-33.2 0-65.7-8.9-94-25.7l-6.7-4-69.8 18.3L72 359.2l-4.4-7c-18.5-29.4-28.2-63.3-28.2-98.2 0-101.7 82.8-184.5 184.6-184.5 49.3 0 95.6 19.2 130.4 54.1 34.8 34.9 56.2 81.2 56.1 130.5 0 101.8-84.9 184.6-186.6 184.6zm101.2-138.2c-5.5-2.8-32.8-16.2-37.9-18-5.1-1.9-8.8-2.8-12.5 2.8-3.7 5.6-14.3 18-17.6 21.8-3.2 3.7-6.5 4.2-12 1.4-32.6-16.3-54-29.1-75.5-66-5.7-9.8 5.7-9.1 16.3-30.3 1.8-3.7.9-6.9-.5-9.7-1.4-2.8-12.5-30.1-17.1-41.2-4.5-10.8-9.1-9.3-12.5-9.5-3.2-.2-6.9-.2-10.6-.2-3.7 0-9.7 1.4-14.8 6.9-5.1 5.6-19.4 19-19.4 46.3 0 27.3 19.9 53.7 22.6 57.4 2.8 3.7 39.1 59.7 94.8 83.8 35.2 15.2 49 16.5 66.6 13.9 10.7-1.6 32.8-13.4 37.4-26.4 4.6-13 4.6-24.1 3.2-26.4-1.3-2.5-5-3.9-10.5-6.6z\"><\/path><\/svg>\t\t\t\t\t<\/a>\n\t\t\t\t<\/span>\n\t\t\t\t\t<\/div>\n\t\t\t\t\t\t<\/div>\n\t\t\t\t\t<\/div>\n\t\t<\/div>\n\t\t\t\t\t<\/div>\n\t\t<\/section>\n\t\t\t\t<\/div>","protected":false},"excerpt":{"rendered":"<p>Gracias por su visita a CRISTO EN CADA HOGAREstamos encantados de que est\u00e9 interesado en obtener m\u00e1s informaci\u00f3n. Haremos todo lo posible por responderle de manera oportuna.\u00a0 Si usted es un ministerio, una iglesia, un evangelista o simplemente un creyente con un coraz\u00f3n para llegar a cada hogar de Honduras y del mundo, nos encantar\u00eda [&hellip;]<\/p>\n","protected":false},"author":1,"featured_media":62,"parent":0,"menu_order":0,"comment_status":"closed","ping_status":"closed","template":"elementor_header_footer","meta":{"nf_dc_page":"","_eb_attr":"","footnotes":""},"class_list":["post-31","page","type-page","status-publish","has-post-thumbnail","hentry"],"yoast_head":"<!-- This site is optimized with the Yoast SEO plugin v27.4 - https:\/\/yoast.com\/product\/yoast-seo-wordpress\/ -->\n<title>Cont\u00e1ctanos - Cristo en cada Hogar<\/title>\n<meta name=\"robots\" content=\"index, follow, max-snippet:-1, max-image-preview:large, max-video-preview:-1\" \/>\n<link rel=\"canonical\" href=\"https:\/\/cristoencadahogar.org\/en\/contacto\/\" \/>\n<meta property=\"og:locale\" content=\"en_US\" \/>\n<meta property=\"og:type\" content=\"article\" \/>\n<meta property=\"og:title\" content=\"Cont\u00e1ctanos - Cristo en cada Hogar\" \/>\n<meta property=\"og:description\" content=\"Gracias por su visita a CRISTO EN CADA HOGAREstamos encantados de que est\u00e9 interesado en obtener m\u00e1s informaci\u00f3n. Haremos todo lo posible por responderle de manera oportuna.\u00a0 Si usted es un ministerio, una iglesia, un evangelista o simplemente un creyente con un coraz\u00f3n para llegar a cada hogar de Honduras y del mundo, nos encantar\u00eda [&hellip;]\" \/>\n<meta property=\"og:url\" content=\"https:\/\/cristoencadahogar.org\/en\/contacto\/\" \/>\n<meta property=\"og:site_name\" content=\"Cristo en cada Hogar\" \/>\n<meta property=\"article:modified_time\" content=\"2025-08-07T18:10:56+00:00\" \/>\n<meta property=\"og:image\" content=\"https:\/\/cristoencadahogar.org\/wp-content\/uploads\/2020\/04\/image07.jpg\" \/>\n\t<meta property=\"og:image:width\" content=\"2000\" \/>\n\t<meta property=\"og:image:height\" content=\"1200\" \/>\n\t<meta property=\"og:image:type\" content=\"image\/jpeg\" \/>\n<meta name=\"twitter:card\" content=\"summary_large_image\" \/>\n<meta name=\"twitter:label1\" content=\"Est. reading time\" \/>\n\t<meta name=\"twitter:data1\" content=\"1 minute\" \/>\n<script type=\"application\/ld+json\" class=\"yoast-schema-graph\">{\"@context\":\"https:\\\/\\\/schema.org\",\"@graph\":[{\"@type\":\"WebPage\",\"@id\":\"https:\\\/\\\/cristoencadahogar.org\\\/contacto\\\/\",\"url\":\"https:\\\/\\\/cristoencadahogar.org\\\/contacto\\\/\",\"name\":\"Cont\u00e1ctanos - Cristo en cada Hogar\",\"isPartOf\":{\"@id\":\"https:\\\/\\\/cristoencadahogar.org\\\/#website\"},\"primaryImageOfPage\":{\"@id\":\"https:\\\/\\\/cristoencadahogar.org\\\/contacto\\\/#primaryimage\"},\"image\":{\"@id\":\"https:\\\/\\\/cristoencadahogar.org\\\/contacto\\\/#primaryimage\"},\"thumbnailUrl\":\"https:\\\/\\\/cristoencadahogar.org\\\/wp-content\\\/uploads\\\/2020\\\/04\\\/image07.jpg\",\"datePublished\":\"2020-04-07T16:42:00+00:00\",\"dateModified\":\"2025-08-07T18:10:56+00:00\",\"breadcrumb\":{\"@id\":\"https:\\\/\\\/cristoencadahogar.org\\\/contacto\\\/#breadcrumb\"},\"inLanguage\":\"en-US\",\"potentialAction\":[{\"@type\":\"ReadAction\",\"target\":[\"https:\\\/\\\/cristoencadahogar.org\\\/contacto\\\/\"]}]},{\"@type\":\"ImageObject\",\"inLanguage\":\"en-US\",\"@id\":\"https:\\\/\\\/cristoencadahogar.org\\\/contacto\\\/#primaryimage\",\"url\":\"https:\\\/\\\/cristoencadahogar.org\\\/wp-content\\\/uploads\\\/2020\\\/04\\\/image07.jpg\",\"contentUrl\":\"https:\\\/\\\/cristoencadahogar.org\\\/wp-content\\\/uploads\\\/2020\\\/04\\\/image07.jpg\",\"width\":2000,\"height\":1200},{\"@type\":\"BreadcrumbList\",\"@id\":\"https:\\\/\\\/cristoencadahogar.org\\\/contacto\\\/#breadcrumb\",\"itemListElement\":[{\"@type\":\"ListItem\",\"position\":1,\"name\":\"Home\",\"item\":\"https:\\\/\\\/cristoencadahogar.org\\\/\"},{\"@type\":\"ListItem\",\"position\":2,\"name\":\"Cont\u00e1ctanos\"}]},{\"@type\":\"WebSite\",\"@id\":\"https:\\\/\\\/cristoencadahogar.org\\\/#website\",\"url\":\"https:\\\/\\\/cristoencadahogar.org\\\/\",\"name\":\"Cristo en cada Hogar\",\"description\":\"Compartir la verdad y el amor de Jes\u00fas\",\"publisher\":{\"@id\":\"https:\\\/\\\/cristoencadahogar.org\\\/#organization\"},\"potentialAction\":[{\"@type\":\"SearchAction\",\"target\":{\"@type\":\"EntryPoint\",\"urlTemplate\":\"https:\\\/\\\/cristoencadahogar.org\\\/?s={search_term_string}\"},\"query-input\":{\"@type\":\"PropertyValueSpecification\",\"valueRequired\":true,\"valueName\":\"search_term_string\"}}],\"inLanguage\":\"en-US\"},{\"@type\":\"Organization\",\"@id\":\"https:\\\/\\\/cristoencadahogar.org\\\/#organization\",\"name\":\"Cruzada Hondure\u00f1a en cada Hogar\",\"url\":\"https:\\\/\\\/cristoencadahogar.org\\\/\",\"logo\":{\"@type\":\"ImageObject\",\"inLanguage\":\"en-US\",\"@id\":\"https:\\\/\\\/cristoencadahogar.org\\\/#\\\/schema\\\/logo\\\/image\\\/\",\"url\":\"https:\\\/\\\/xn--cruzadahondurea-crb.org\\\/wp-content\\\/uploads\\\/2020\\\/07\\\/CHCH-Logo-green-menu2.png\",\"contentUrl\":\"https:\\\/\\\/xn--cruzadahondurea-crb.org\\\/wp-content\\\/uploads\\\/2020\\\/07\\\/CHCH-Logo-green-menu2.png\",\"width\":450,\"height\":203,\"caption\":\"Cruzada Hondure\u00f1a en cada Hogar\"},\"image\":{\"@id\":\"https:\\\/\\\/cristoencadahogar.org\\\/#\\\/schema\\\/logo\\\/image\\\/\"}}]}<\/script>\n<!-- \/ Yoast SEO plugin. -->","yoast_head_json":{"title":"Cont\u00e1ctanos - Cristo en cada Hogar","robots":{"index":"index","follow":"follow","max-snippet":"max-snippet:-1","max-image-preview":"max-image-preview:large","max-video-preview":"max-video-preview:-1"},"canonical":"https:\/\/cristoencadahogar.org\/en\/contacto\/","og_locale":"en_US","og_type":"article","og_title":"Cont\u00e1ctanos - Cristo en cada Hogar","og_description":"Gracias por su visita a CRISTO EN CADA HOGAREstamos encantados de que est\u00e9 interesado en obtener m\u00e1s informaci\u00f3n. Haremos todo lo posible por responderle de manera oportuna.\u00a0 Si usted es un ministerio, una iglesia, un evangelista o simplemente un creyente con un coraz\u00f3n para llegar a cada hogar de Honduras y del mundo, nos encantar\u00eda [&hellip;]","og_url":"https:\/\/cristoencadahogar.org\/en\/contacto\/","og_site_name":"Cristo en cada Hogar","article_modified_time":"2025-08-07T18:10:56+00:00","og_image":[{"width":2000,"height":1200,"url":"https:\/\/cristoencadahogar.org\/wp-content\/uploads\/2020\/04\/image07.jpg","type":"image\/jpeg"}],"twitter_card":"summary_large_image","twitter_misc":{"Est. reading time":"1 minute"},"schema":{"@context":"https:\/\/schema.org","@graph":[{"@type":"WebPage","@id":"https:\/\/cristoencadahogar.org\/contacto\/","url":"https:\/\/cristoencadahogar.org\/contacto\/","name":"Cont\u00e1ctanos - Cristo en cada Hogar","isPartOf":{"@id":"https:\/\/cristoencadahogar.org\/#website"},"primaryImageOfPage":{"@id":"https:\/\/cristoencadahogar.org\/contacto\/#primaryimage"},"image":{"@id":"https:\/\/cristoencadahogar.org\/contacto\/#primaryimage"},"thumbnailUrl":"https:\/\/cristoencadahogar.org\/wp-content\/uploads\/2020\/04\/image07.jpg","datePublished":"2020-04-07T16:42:00+00:00","dateModified":"2025-08-07T18:10:56+00:00","breadcrumb":{"@id":"https:\/\/cristoencadahogar.org\/contacto\/#breadcrumb"},"inLanguage":"en-US","potentialAction":[{"@type":"ReadAction","target":["https:\/\/cristoencadahogar.org\/contacto\/"]}]},{"@type":"ImageObject","inLanguage":"en-US","@id":"https:\/\/cristoencadahogar.org\/contacto\/#primaryimage","url":"https:\/\/cristoencadahogar.org\/wp-content\/uploads\/2020\/04\/image07.jpg","contentUrl":"https:\/\/cristoencadahogar.org\/wp-content\/uploads\/2020\/04\/image07.jpg","width":2000,"height":1200},{"@type":"BreadcrumbList","@id":"https:\/\/cristoencadahogar.org\/contacto\/#breadcrumb","itemListElement":[{"@type":"ListItem","position":1,"name":"Home","item":"https:\/\/cristoencadahogar.org\/"},{"@type":"ListItem","position":2,"name":"Cont\u00e1ctanos"}]},{"@type":"WebSite","@id":"https:\/\/cristoencadahogar.org\/#website","url":"https:\/\/cristoencadahogar.org\/","name":"Cristo en cada Hogar","description":"Compartir la verdad y el amor de Jes\u00fas","publisher":{"@id":"https:\/\/cristoencadahogar.org\/#organization"},"potentialAction":[{"@type":"SearchAction","target":{"@type":"EntryPoint","urlTemplate":"https:\/\/cristoencadahogar.org\/?s={search_term_string}"},"query-input":{"@type":"PropertyValueSpecification","valueRequired":true,"valueName":"search_term_string"}}],"inLanguage":"en-US"},{"@type":"Organization","@id":"https:\/\/cristoencadahogar.org\/#organization","name":"Cruzada Hondure\u00f1a en cada Hogar","url":"https:\/\/cristoencadahogar.org\/","logo":{"@type":"ImageObject","inLanguage":"en-US","@id":"https:\/\/cristoencadahogar.org\/#\/schema\/logo\/image\/","url":"https:\/\/xn--cruzadahondurea-crb.org\/wp-content\/uploads\/2020\/07\/CHCH-Logo-green-menu2.png","contentUrl":"https:\/\/xn--cruzadahondurea-crb.org\/wp-content\/uploads\/2020\/07\/CHCH-Logo-green-menu2.png","width":450,"height":203,"caption":"Cruzada Hondure\u00f1a en cada Hogar"},"image":{"@id":"https:\/\/cristoencadahogar.org\/#\/schema\/logo\/image\/"}}]}},"_links":{"self":[{"href":"https:\/\/cristoencadahogar.org\/en\/wp-json\/wp\/v2\/pages\/31","targetHints":{"allow":["GET"]}}],"collection":[{"href":"https:\/\/cristoencadahogar.org\/en\/wp-json\/wp\/v2\/pages"}],"about":[{"href":"https:\/\/cristoencadahogar.org\/en\/wp-json\/wp\/v2\/types\/page"}],"author":[{"embeddable":true,"href":"https:\/\/cristoencadahogar.org\/en\/wp-json\/wp\/v2\/users\/1"}],"replies":[{"embeddable":true,"href":"https:\/\/cristoencadahogar.org\/en\/wp-json\/wp\/v2\/comments?post=31"}],"version-history":[{"count":5,"href":"https:\/\/cristoencadahogar.org\/en\/wp-json\/wp\/v2\/pages\/31\/revisions"}],"predecessor-version":[{"id":3728,"href":"https:\/\/cristoencadahogar.org\/en\/wp-json\/wp\/v2\/pages\/31\/revisions\/3728"}],"wp:featuredmedia":[{"embeddable":true,"href":"https:\/\/cristoencadahogar.org\/en\/wp-json\/wp\/v2\/media\/62"}],"wp:attachment":[{"href":"https:\/\/cristoencadahogar.org\/en\/wp-json\/wp\/v2\/media?parent=31"}],"curies":[{"name":"wp","href":"https:\/\/api.w.org\/{rel}","templated":true}]}}